{"id":1573,"date":"2023-09-26T12:18:21","date_gmt":"2023-09-26T10:18:21","guid":{"rendered":"https:\/\/www.campinglespalmiers.com\/camping-pas-cher-saint-philibert\/"},"modified":"2023-12-26T15:32:30","modified_gmt":"2023-12-26T14:32:30","slug":"camping-pas-cher-saint-philibert","status":"publish","type":"page","link":"https:\/\/www.campinglespalmiers.com\/en\/camping-pas-cher-saint-philibert\/","title":{"rendered":"Rates"},"content":{"rendered":"<section id=\"ls-section-block_f3cea0427402be11e540c1c40f02478e\" class=\"ls-section  home-intro page-one has-p-t p-t-0 has-p-b p-b-25\" >\r\n        <div class=\"container container--full\">\r\n        \n\n<div class=\"wp-block-columns is-layout-flex wp-container-core-columns-is-layout-9d6595d7 wp-block-columns-is-layout-flex\">\n<div class=\"wp-block-column first is-layout-flow wp-block-column-is-layout-flow\">\n<figure class=\"wp-block-image size-full image-principale\"><a href=\"https:\/\/www.campinglespalmiers.com\/wp-content\/uploads\/2023\/12\/camping-petit-prix-trinite-sur-mer.webp\"><img decoding=\"async\" width=\"2000\" height=\"1121\" src=\"https:\/\/www.campinglespalmiers.com\/wp-content\/uploads\/2023\/12\/camping-petit-prix-trinite-sur-mer.webp\" alt=\"camping petit prix trinit&#xE9; sur mer\" class=\"wp-image-1302\" srcset=\"https:\/\/www.campinglespalmiers.com\/wp-content\/uploads\/2023\/12\/camping-petit-prix-trinite-sur-mer.webp 2000w, https:\/\/www.campinglespalmiers.com\/wp-content\/uploads\/2023\/12\/camping-petit-prix-trinite-sur-mer-300x168.webp 300w, https:\/\/www.campinglespalmiers.com\/wp-content\/uploads\/2023\/12\/camping-petit-prix-trinite-sur-mer-1024x574.webp 1024w, https:\/\/www.campinglespalmiers.com\/wp-content\/uploads\/2023\/12\/camping-petit-prix-trinite-sur-mer-768x430.webp 768w, https:\/\/www.campinglespalmiers.com\/wp-content\/uploads\/2023\/12\/camping-petit-prix-trinite-sur-mer-1536x861.webp 1536w\" sizes=\"(max-width: 2000px) 100vw, 2000px\" \/><\/a><\/figure>\n\n\n\n<figure class=\"wp-block-image size-full  image-secondaire-interne animated fadeInUp slow\"><a href=\"https:\/\/www.campinglespalmiers.com\/wp-content\/uploads\/2023\/11\/morbihan-camping.webp\"><img decoding=\"async\" width=\"2000\" height=\"939\" src=\"https:\/\/www.campinglespalmiers.com\/wp-content\/uploads\/2023\/11\/morbihan-camping.webp\" alt=\"morbihan camping\" class=\"wp-image-985\" srcset=\"https:\/\/www.campinglespalmiers.com\/wp-content\/uploads\/2023\/11\/morbihan-camping.webp 2000w, https:\/\/www.campinglespalmiers.com\/wp-content\/uploads\/2023\/11\/morbihan-camping-300x141.webp 300w, https:\/\/www.campinglespalmiers.com\/wp-content\/uploads\/2023\/11\/morbihan-camping-1024x481.webp 1024w, https:\/\/www.campinglespalmiers.com\/wp-content\/uploads\/2023\/11\/morbihan-camping-768x361.webp 768w, https:\/\/www.campinglespalmiers.com\/wp-content\/uploads\/2023\/11\/morbihan-camping-1536x721.webp 1536w\" sizes=\"(max-width: 2000px) 100vw, 2000px\" \/><\/a><\/figure>\n<\/div>\n\n\n\n<div class=\"wp-block-column second is-layout-flow wp-block-column-is-layout-flow\">\n<h1 class=\"ls__heading wp-block-heading chapeau left\">Budget camping <strong>in Morbihan<\/strong><\/h1>\n\n\n\n<p class=\"ls-paragraph\"><a href=\"https:\/\/www.campinglespalmiers.com\/en\/\" data-type=\"page\" data-id=\"190\">Camping Les Palmiers*** near La Trinit\u00e9-sur-Mer welcomes you<\/a> to a friendly, family atmosphere . Located by the sea, our campsite is the ideal base for discovering the Gulf of Morbihan and southern Brittany.<\/p>\n\n\n\n<p class=\"ls-paragraph\">Check out <strong>our rates<\/strong> for pitches and mobile homes and book your next stay 5 km from Carnac.<\/p>\n<\/div>\n<\/div>\n\n\r\n    <\/div>\r\n<\/section><section id=\"ls-section-block_30257582de4ab3395d2d5887f9a60d58\" class=\"ls-section  home-one page-two has-background-image has-p-t p-t-30 has-p-b p-b-14\" >\r\n    <div class=\"ls-section__background-image opacity-100\"><img decoding=\"async\" src=\"https:\/\/www.campinglespalmiers.com\/wp-content\/uploads\/2023\/11\/camping-proche-de-la-plage-trinite-sur-mer.webp\" alt=\"\"><\/div>    <div class=\"container container--full\">\r\n        \n\n<h2 class=\"ls__heading wp-block-heading\">Camping at the best price near La <strong>Trinit\u00e9-sur-Mer<\/strong><\/h2>\n\n\n\n<div class=\"wp-block-columns is-layout-flex wp-container-core-columns-is-layout-9d6595d7 wp-block-columns-is-layout-flex\">\n<div class=\"wp-block-column first is-layout-flow wp-block-column-is-layout-flow\">\n<p class=\"ls-paragraph\">Book your stay at the <strong>low-cost<\/strong> campsite opposite La Trinit\u00e9-Sur-Mer now! With an ideal location, just a few minutes from the beaches, you&#8217;ll feel right at home in a relaxed, family atmosphere.<\/p>\n\n\n\n<p class=\"ls-paragraph\"><br\/>As we are committed to your satisfaction, you can choose between different ranges of  <a href=\"https:\/\/www.campinglespalmiers.com\/en\/location-saint-philibert\/\" data-type=\"page\" data-id=\"213\">bare pitches for rent<\/a>  to set up your tent, van or camper, as well as  <a href=\"https:\/\/www.campinglespalmiers.com\/en\/rentals-mobil-home-saint-philibert\/\" data-type=\"page\" data-id=\"211\">mobile homes for rent<\/a>  accommodating up to 7 people, from the simplest to the most upscale, there&#8217;s something for every family!<\/p>\n<\/div>\n\n\n\n<div class=\"wp-block-column second is-layout-flow wp-block-column-is-layout-flow\">\n<figure class=\"wp-block-image size-full animated fadeInRight\"><a href=\"https:\/\/www.campinglespalmiers.com\/wp-content\/uploads\/2023\/12\/camping-familial-budget-trinite-sur-mer.webp\"><img decoding=\"async\" width=\"2000\" height=\"2000\" src=\"https:\/\/www.campinglespalmiers.com\/wp-content\/uploads\/2023\/12\/camping-familial-budget-trinite-sur-mer.webp\" alt=\"budget family campsite trinit&#xE9; sur mer\" class=\"wp-image-1305\" srcset=\"https:\/\/www.campinglespalmiers.com\/wp-content\/uploads\/2023\/12\/camping-familial-budget-trinite-sur-mer.webp 2000w, https:\/\/www.campinglespalmiers.com\/wp-content\/uploads\/2023\/12\/camping-familial-budget-trinite-sur-mer-300x300.webp 300w, https:\/\/www.campinglespalmiers.com\/wp-content\/uploads\/2023\/12\/camping-familial-budget-trinite-sur-mer-1024x1024.webp 1024w, https:\/\/www.campinglespalmiers.com\/wp-content\/uploads\/2023\/12\/camping-familial-budget-trinite-sur-mer-150x150.webp 150w, https:\/\/www.campinglespalmiers.com\/wp-content\/uploads\/2023\/12\/camping-familial-budget-trinite-sur-mer-768x768.webp 768w, https:\/\/www.campinglespalmiers.com\/wp-content\/uploads\/2023\/12\/camping-familial-budget-trinite-sur-mer-1536x1536.webp 1536w\" sizes=\"(max-width: 2000px) 100vw, 2000px\" \/><\/a><\/figure>\n<\/div>\n<\/div>\n\n\r\n    <\/div>\r\n<\/section><section id=\"ls-section-block_dfb35de6842c843687ca087d27fe78d1\" class=\"ls-section  page-three has-p-t p-t-14 has-p-b p-b-24\" >\r\n        <div class=\"container container--full\">\r\n        \n\n<h2 class=\"ls__heading wp-block-heading has-text-align-center\">Campsite with special offers <strong>in Morbihan<\/strong><\/h2>\n\n\n\n<div class=\"wp-block-columns is-layout-flex wp-container-core-columns-is-layout-9d6595d7 wp-block-columns-is-layout-flex\">\n<div class=\"wp-block-column first is-layout-flow wp-block-column-is-layout-flow\">\n<figure class=\"wp-block-image size-full animated fadeInLeft\"><a href=\"https:\/\/www.campinglespalmiers.com\/wp-content\/uploads\/2023\/12\/camping-morbhian-petit-prix.webp\"><img decoding=\"async\" width=\"2000\" height=\"2000\" src=\"https:\/\/www.campinglespalmiers.com\/wp-content\/uploads\/2023\/12\/camping-morbhian-petit-prix.webp\" alt=\"camping morbihan petit prix\" class=\"wp-image-1308\" srcset=\"https:\/\/www.campinglespalmiers.com\/wp-content\/uploads\/2023\/12\/camping-morbhian-petit-prix.webp 2000w, https:\/\/www.campinglespalmiers.com\/wp-content\/uploads\/2023\/12\/camping-morbhian-petit-prix-300x300.webp 300w, https:\/\/www.campinglespalmiers.com\/wp-content\/uploads\/2023\/12\/camping-morbhian-petit-prix-1024x1024.webp 1024w, https:\/\/www.campinglespalmiers.com\/wp-content\/uploads\/2023\/12\/camping-morbhian-petit-prix-150x150.webp 150w, https:\/\/www.campinglespalmiers.com\/wp-content\/uploads\/2023\/12\/camping-morbhian-petit-prix-768x768.webp 768w, https:\/\/www.campinglespalmiers.com\/wp-content\/uploads\/2023\/12\/camping-morbhian-petit-prix-1536x1536.webp 1536w\" sizes=\"(max-width: 2000px) 100vw, 2000px\" \/><\/a><\/figure>\n<\/div>\n\n\n\n<div class=\"wp-block-column second is-layout-flow wp-block-column-is-layout-flow\">\n<p class=\"ls-paragraph\">Because we want you to <strong>enjoy a great vacation <\/strong><strong>at a low<\/strong> price, just a stone&#8217;s throw from the Golfe du Morbihan, at the entrance to Quiberon Bay, we&#8217;re offering you a range of promotions that will delight you!<\/p>\n\n\n\n<p class=\"ls-paragraph\">A lovely heated swimming pool, waterslides, a small paddling pool, not forgetting the Jacuzzi area, will enable you to enjoy your vacation at the best price under the sign of joy and relaxation.<\/p>\n\n\n\n<p class=\"ls-paragraph\"><br\/>So take advantage of our <strong>special offers <\/strong>to book your stay and come and have fun at the campsite with our new <strong>home-ball<\/strong>, which will complement the existing play areas from spring 2024. You&#8217;ll find all the essentials, such as <strong>children&#8217;s slides<\/strong>, <strong>a p\u00e9tanque court<\/strong>, table <strong>tennis<\/strong> tables and <strong>sports equipment<\/strong>.<\/p>\n<\/div>\n<\/div>\n\n\r\n    <\/div>\r\n<\/section><section id=\"ls-section-block_00016e6d057f543bbde67b5c491fbad2\" class=\"ls-section  has-p-b p-b-30\" >\r\n        <div class=\"container container--wide\">\r\n        \n\n<div id=\"ls-heading ls-titre-div-block_8d1a0d165afc200a41d140a35ffb5c25\" class=\"ls-titre-div coquillage top aligncenter h2-like\" >\n    <strong>Discover<\/strong> <\/br>activities and events, the <\/br>water park and our accommodation!<\/div>\n\n\n<div id=\"ls-maillage-block_a68896f570071e16a08bd042f8ddfd55\" class=\"ls-maillage cta-style-normal\" data-rows=\"3\">\n    <div class=\"wp-block-columns\"><div class=\"wp-block-column\"><div class=\"ls-cta\">\n\n<a href=\"https:\/\/www.campinglespalmiers.com\/en\/camping-aquatic-area-saint-philibert\/\" target=\"\" rel=\"noopener\" class=\"ls-cta__link\">\n\n\t<div class=\"ls-cta__image\"><img decoding=\"async\" src=\"https:\/\/www.campinglespalmiers.com\/wp-content\/uploads\/2023\/11\/camping-piscine-chauffee-3-etoiles-dans-le-morbihan.webp\" alt=\"\"><\/div>\n\t<div class=\"ls-cta__title\">\n\t\t<i class=\"palmiers-bouton-fleche-brush\"><\/i>Aquatic area\t<\/div>\n\n\t\t\n<\/a><\/div><\/div><div class=\"wp-block-column\"><div class=\"ls-cta\">\n\n<a href=\"https:\/\/www.campinglespalmiers.com\/en\/rentals-mobil-home-saint-philibert\/\" target=\"\" rel=\"noopener\" class=\"ls-cta__link\">\n\n\t<div class=\"ls-cta__image\"><img decoding=\"async\" src=\"https:\/\/www.campinglespalmiers.com\/wp-content\/uploads\/2023\/12\/mobil-home-camping-trinite-sur-mer.webp\" alt=\"\"><\/div>\n\t<div class=\"ls-cta__title\">\n\t\t<i class=\"palmiers-bouton-fleche-brush\"><\/i>Mobile homes\t<\/div>\n\n\t\t\n<\/a><\/div><\/div><div class=\"wp-block-column\"><div class=\"ls-cta\">\n\n<a href=\"https:\/\/www.campinglespalmiers.com\/en\/camping-animations-saint-philibert\/\" target=\"\" rel=\"noopener\" class=\"ls-cta__link\">\n\n\t<div class=\"ls-cta__image\"><img decoding=\"async\" src=\"https:\/\/www.campinglespalmiers.com\/wp-content\/uploads\/2023\/11\/aire-de-jeux-camping-enfants-trinite-sur-mer.webp\" alt=\"\"><\/div>\n\t<div class=\"ls-cta__title\">\n\t\t<i class=\"palmiers-bouton-fleche-brush\"><\/i>Entertainment and facilities\t<\/div>\n\n\t\t\n<\/a><\/div><\/div><\/div><\/div>\n\r\n    <\/div>\r\n<\/section>","protected":false},"excerpt":{"rendered":"","protected":false},"author":1,"featured_media":989,"parent":0,"menu_order":0,"comment_status":"closed","ping_status":"closed","template":"","meta":{"_acf_changed":false,"_seopress_robots_primary_cat":"","_seopress_titles_title":"Camping petit prix Morbihan | Camping promotions Trinit\u00e9-sur-Mer","_seopress_titles_desc":"Consultez les tarifs du camping Les Palmiers : camping 3 \u00e9toiles avec piscine chauff\u00e9e, locations de mobil-homes et emplacements de camping, restaurant, bar... \u00e0 1,5 km de La Trinit\u00e9-sur-Mer et \u00e0 650 m de la mer.","_seopress_robots_index":"","inline_featured_image":false,"footnotes":""},"sujet":[],"class_list":["post-1573","page","type-page","status-publish","has-post-thumbnail","hentry"],"acf":[],"_links":{"self":[{"href":"https:\/\/www.campinglespalmiers.com\/en\/wp-json\/wp\/v2\/pages\/1573","targetHints":{"allow":["GET"]}}],"collection":[{"href":"https:\/\/www.campinglespalmiers.com\/en\/wp-json\/wp\/v2\/pages"}],"about":[{"href":"https:\/\/www.campinglespalmiers.com\/en\/wp-json\/wp\/v2\/types\/page"}],"author":[{"embeddable":true,"href":"https:\/\/www.campinglespalmiers.com\/en\/wp-json\/wp\/v2\/users\/1"}],"replies":[{"embeddable":true,"href":"https:\/\/www.campinglespalmiers.com\/en\/wp-json\/wp\/v2\/comments?post=1573"}],"version-history":[{"count":26,"href":"https:\/\/www.campinglespalmiers.com\/en\/wp-json\/wp\/v2\/pages\/1573\/revisions"}],"predecessor-version":[{"id":1742,"href":"https:\/\/www.campinglespalmiers.com\/en\/wp-json\/wp\/v2\/pages\/1573\/revisions\/1742"}],"wp:featuredmedia":[{"embeddable":true,"href":"https:\/\/www.campinglespalmiers.com\/en\/wp-json\/wp\/v2\/media\/989"}],"wp:attachment":[{"href":"https:\/\/www.campinglespalmiers.com\/en\/wp-json\/wp\/v2\/media?parent=1573"}],"wp:term":[{"taxonomy":"sujet","embeddable":true,"href":"https:\/\/www.campinglespalmiers.com\/en\/wp-json\/wp\/v2\/sujet?post=1573"}],"curies":[{"name":"wp","href":"https:\/\/api.w.org\/{rel}","templated":true}]}}